{"id":98,"date":"2024-09-16T13:38:22","date_gmt":"2024-09-16T11:38:22","guid":{"rendered":"https:\/\/jeanluc-sala.ch\/?page_id=98"},"modified":"2024-09-20T09:45:40","modified_gmt":"2024-09-20T07:45:40","slug":"avis","status":"publish","type":"page","link":"https:\/\/jeanluc-sala.ch\/?page_id=98","title":{"rendered":"Avis"},"content":{"rendered":"\t\t<div data-elementor-type=\"wp-page\" data-elementor-id=\"98\" class=\"elementor elementor-98\" data-elementor-post-type=\"page\">\n\t\t\t\t<div class=\"elementor-element elementor-element-3db15c6 e-flex e-con-boxed e-con e-parent\" data-id=\"3db15c6\" data-element_type=\"container\" data-e-type=\"container\">\n\t\t\t\t\t<div class=\"e-con-inner\">\n\t\t<div class=\"elementor-element elementor-element-c9ee4ab e-con-full e-flex e-con e-child\" data-id=\"c9ee4ab\" data-element_type=\"container\" data-e-type=\"container\">\n\t\t\t\t<div class=\"elementor-element elementor-element-5e27665 elementor-widget elementor-widget-heading\" data-id=\"5e27665\" data-element_type=\"widget\" data-e-type=\"widget\" data-widget_type=\"heading.default\">\n\t\t\t\t<div class=\"elementor-widget-container\">\n\t\t\t\t\t<p class=\"elementor-heading-title elementor-size-default\">\"L'avis des autres, c'est la vie des autres<\/p>\t\t\t\t<\/div>\n\t\t\t\t<\/div>\n\t\t\t\t<div class=\"elementor-element elementor-element-f21bcd2 elementor-widget elementor-widget-text-editor\" data-id=\"f21bcd2\" data-element_type=\"widget\" data-e-type=\"widget\" data-widget_type=\"text-editor.default\">\n\t\t\t\t<div class=\"elementor-widget-container\">\n\t\t\t\t\t\t\t\t\t<p>librement inspir\u00e9 de Paulo Amaro<\/p>\t\t\t\t\t\t\t\t<\/div>\n\t\t\t\t<\/div>\n\t\t\t\t<div class=\"elementor-element elementor-element-a779aeb elementor-widget elementor-widget-spacer\" data-id=\"a779aeb\" data-element_type=\"widget\" data-e-type=\"widget\" data-widget_type=\"spacer.default\">\n\t\t\t\t<div class=\"elementor-widget-container\">\n\t\t\t\t\t\t\t<div class=\"elementor-spacer\">\n\t\t\t<div class=\"elementor-spacer-inner\"><\/div>\n\t\t<\/div>\n\t\t\t\t\t\t<\/div>\n\t\t\t\t<\/div>\n\t\t\t\t<div class=\"elementor-element elementor-element-bb98a92 elementor-align-right elementor-widget elementor-widget-button\" data-id=\"bb98a92\" data-element_type=\"widget\" data-e-type=\"widget\" data-widget_type=\"button.default\">\n\t\t\t\t<div class=\"elementor-widget-container\">\n\t\t\t\t\t\t\t\t\t<div class=\"elementor-button-wrapper\">\n\t\t\t\t\t<a class=\"elementor-button elementor-button-link elementor-size-sm\" href=\"https:\/\/jeanluc-sala.ch\">\n\t\t\t\t\t\t<span class=\"elementor-button-content-wrapper\">\n\t\t\t\t\t\t\t\t\t<span class=\"elementor-button-text\">Retour \u00e0 l'accueil<\/span>\n\t\t\t\t\t<\/span>\n\t\t\t\t\t<\/a>\n\t\t\t\t<\/div>\n\t\t\t\t\t\t\t\t<\/div>\n\t\t\t\t<\/div>\n\t\t\t\t<\/div>\n\t\t\t\t\t<\/div>\n\t\t\t\t<\/div>\n\t\t\t\t<\/div>\n\t\t","protected":false},"excerpt":{"rendered":"<p>&#8220;L&#8217;avis des autres, c&#8217;est la vie des autres librement inspir\u00e9 de Paulo Amaro Retour \u00e0 l&#8217;accueil<\/p>\n","protected":false},"author":2,"featured_media":0,"parent":0,"menu_order":2,"comment_status":"closed","ping_status":"closed","template":"","meta":{"site-sidebar-layout":"no-sidebar","site-content-layout":"","ast-site-content-layout":"full-width-container","site-content-style":"default","site-sidebar-style":"default","ast-global-header-display":"","ast-banner-title-visibility":"","ast-main-header-display":"","ast-hfb-above-header-display":"","ast-hfb-below-header-display":"","ast-hfb-mobile-header-display":"","site-post-title":"disabled","ast-breadcrumbs-content":"","ast-featured-img":"disabled","footer-sml-layout":"","ast-disable-related-posts":"","theme-transparent-header-meta":"","adv-header-id-meta":"","stick-header-meta":"","header-above-stick-meta":"","header-main-stick-meta":"","header-below-stick-meta":"","astra-migrate-meta-layouts":"default","ast-page-background-enabled":"default","ast-page-background-meta":{"desktop":{"background-color":"var(--ast-global-color-4)","background-image":"","background-repeat":"repeat","background-position":"center center","background-size":"auto","background-attachment":"scroll","background-type":"","background-media":"","overlay-type":"","overlay-color":"","overlay-opacity":"","overlay-gradient":""},"tablet":{"background-color":"","background-image":"","background-repeat":"repeat","background-position":"center center","background-size":"auto","background-attachment":"scroll","background-type":"","background-media":"","overlay-type":"","overlay-color":"","overlay-opacity":"","overlay-gradient":""},"mobile":{"background-color":"","background-image":"","background-repeat":"repeat","background-position":"center center","background-size":"auto","background-attachment":"scroll","background-type":"","background-media":"","overlay-type":"","overlay-color":"","overlay-opacity":"","overlay-gradient":""}},"ast-content-background-meta":{"desktop":{"background-color":"var(--ast-global-color-5)","background-image":"","background-repeat":"repeat","background-position":"center center","background-size":"auto","background-attachment":"scroll","background-type":"","background-media":"","overlay-type":"","overlay-color":"","overlay-opacity":"","overlay-gradient":""},"tablet":{"background-color":"var(--ast-global-color-5)","background-image":"","background-repeat":"repeat","background-position":"center center","background-size":"auto","background-attachment":"scroll","background-type":"","background-media":"","overlay-type":"","overlay-color":"","overlay-opacity":"","overlay-gradient":""},"mobile":{"background-color":"var(--ast-global-color-5)","background-image":"","background-repeat":"repeat","background-position":"center center","background-size":"auto","background-attachment":"scroll","background-type":"","background-media":"","overlay-type":"","overlay-color":"","overlay-opacity":"","overlay-gradient":""}},"footnotes":""},"class_list":["post-98","page","type-page","status-publish","hentry"],"yoast_head":"<!-- This site is optimized with the Yoast SEO plugin v27.5 - https:\/\/yoast.com\/product\/yoast-seo-wordpress\/ -->\n<title>Avis - Jean-Luc Sala | Psychologue - Psychoth\u00e9rapeute<\/title>\n<meta name=\"robots\" content=\"index, follow, max-snippet:-1, max-image-preview:large, max-video-preview:-1\" \/>\n<link rel=\"canonical\" href=\"https:\/\/jeanluc-sala.ch\/?page_id=98\" \/>\n<meta property=\"og:locale\" content=\"en_US\" \/>\n<meta property=\"og:type\" content=\"article\" \/>\n<meta property=\"og:title\" content=\"Avis - Jean-Luc Sala | Psychologue - Psychoth\u00e9rapeute\" \/>\n<meta property=\"og:description\" content=\"&#8220;L&#8217;avis des autres, c&#8217;est la vie des autres librement inspir\u00e9 de Paulo Amaro Retour \u00e0 l&#8217;accueil\" \/>\n<meta property=\"og:url\" content=\"https:\/\/jeanluc-sala.ch\/?page_id=98\" \/>\n<meta property=\"og:site_name\" content=\"Jean-Luc Sala | Psychologue - Psychoth\u00e9rapeute\" \/>\n<meta property=\"article:modified_time\" content=\"2024-09-20T07:45:40+00:00\" \/>\n<meta name=\"twitter:card\" content=\"summary_large_image\" \/>\n<meta name=\"twitter:label1\" content=\"Est. reading time\" \/>\n\t<meta name=\"twitter:data1\" content=\"1 minute\" \/>\n<script type=\"application\/ld+json\" class=\"yoast-schema-graph\">{\"@context\":\"https:\\\/\\\/schema.org\",\"@graph\":[{\"@type\":\"WebPage\",\"@id\":\"https:\\\/\\\/jeanluc-sala.ch\\\/?page_id=98\",\"url\":\"https:\\\/\\\/jeanluc-sala.ch\\\/?page_id=98\",\"name\":\"Avis - Jean-Luc Sala | Psychologue - Psychoth\u00e9rapeute\",\"isPartOf\":{\"@id\":\"https:\\\/\\\/jeanluc-sala.ch\\\/#website\"},\"datePublished\":\"2024-09-16T11:38:22+00:00\",\"dateModified\":\"2024-09-20T07:45:40+00:00\",\"breadcrumb\":{\"@id\":\"https:\\\/\\\/jeanluc-sala.ch\\\/?page_id=98#breadcrumb\"},\"inLanguage\":\"en-US\",\"potentialAction\":[{\"@type\":\"ReadAction\",\"target\":[\"https:\\\/\\\/jeanluc-sala.ch\\\/?page_id=98\"]}]},{\"@type\":\"BreadcrumbList\",\"@id\":\"https:\\\/\\\/jeanluc-sala.ch\\\/?page_id=98#breadcrumb\",\"itemListElement\":[{\"@type\":\"ListItem\",\"position\":1,\"name\":\"Accueil\",\"item\":\"https:\\\/\\\/jeanluc-sala.ch\\\/\"},{\"@type\":\"ListItem\",\"position\":2,\"name\":\"Avis\"}]},{\"@type\":\"WebSite\",\"@id\":\"https:\\\/\\\/jeanluc-sala.ch\\\/#website\",\"url\":\"https:\\\/\\\/jeanluc-sala.ch\\\/\",\"name\":\"Jean-Luc Sala | Psychologue - Psychoth\u00e9rapeute\",\"description\":\"\",\"publisher\":{\"@id\":\"https:\\\/\\\/jeanluc-sala.ch\\\/#organization\"},\"potentialAction\":[{\"@type\":\"SearchAction\",\"target\":{\"@type\":\"EntryPoint\",\"urlTemplate\":\"https:\\\/\\\/jeanluc-sala.ch\\\/?s={search_term_string}\"},\"query-input\":{\"@type\":\"PropertyValueSpecification\",\"valueRequired\":true,\"valueName\":\"search_term_string\"}}],\"inLanguage\":\"en-US\"},{\"@type\":\"Organization\",\"@id\":\"https:\\\/\\\/jeanluc-sala.ch\\\/#organization\",\"name\":\"Jean-Luc Sala | Psychologue - Psychoth\u00e9rapeute\",\"url\":\"https:\\\/\\\/jeanluc-sala.ch\\\/\",\"logo\":{\"@type\":\"ImageObject\",\"inLanguage\":\"en-US\",\"@id\":\"https:\\\/\\\/jeanluc-sala.ch\\\/#\\\/schema\\\/logo\\\/image\\\/\",\"url\":\"https:\\\/\\\/jeanluc-sala.ch\\\/wp-content\\\/uploads\\\/2024\\\/09\\\/jean-luc-sala-logotype-full-color-rgb-900px-w-72ppi.webp\",\"contentUrl\":\"https:\\\/\\\/jeanluc-sala.ch\\\/wp-content\\\/uploads\\\/2024\\\/09\\\/jean-luc-sala-logotype-full-color-rgb-900px-w-72ppi.webp\",\"width\":900,\"height\":134,\"caption\":\"Jean-Luc Sala | Psychologue - Psychoth\u00e9rapeute\"},\"image\":{\"@id\":\"https:\\\/\\\/jeanluc-sala.ch\\\/#\\\/schema\\\/logo\\\/image\\\/\"}}]}<\/script>\n<!-- \/ Yoast SEO plugin. -->","yoast_head_json":{"title":"Avis - Jean-Luc Sala | Psychologue - Psychoth\u00e9rapeute","robots":{"index":"index","follow":"follow","max-snippet":"max-snippet:-1","max-image-preview":"max-image-preview:large","max-video-preview":"max-video-preview:-1"},"canonical":"https:\/\/jeanluc-sala.ch\/?page_id=98","og_locale":"en_US","og_type":"article","og_title":"Avis - Jean-Luc Sala | Psychologue - Psychoth\u00e9rapeute","og_description":"&#8220;L&#8217;avis des autres, c&#8217;est la vie des autres librement inspir\u00e9 de Paulo Amaro Retour \u00e0 l&#8217;accueil","og_url":"https:\/\/jeanluc-sala.ch\/?page_id=98","og_site_name":"Jean-Luc Sala | Psychologue - Psychoth\u00e9rapeute","article_modified_time":"2024-09-20T07:45:40+00:00","twitter_card":"summary_large_image","twitter_misc":{"Est. reading time":"1 minute"},"schema":{"@context":"https:\/\/schema.org","@graph":[{"@type":"WebPage","@id":"https:\/\/jeanluc-sala.ch\/?page_id=98","url":"https:\/\/jeanluc-sala.ch\/?page_id=98","name":"Avis - Jean-Luc Sala | Psychologue - Psychoth\u00e9rapeute","isPartOf":{"@id":"https:\/\/jeanluc-sala.ch\/#website"},"datePublished":"2024-09-16T11:38:22+00:00","dateModified":"2024-09-20T07:45:40+00:00","breadcrumb":{"@id":"https:\/\/jeanluc-sala.ch\/?page_id=98#breadcrumb"},"inLanguage":"en-US","potentialAction":[{"@type":"ReadAction","target":["https:\/\/jeanluc-sala.ch\/?page_id=98"]}]},{"@type":"BreadcrumbList","@id":"https:\/\/jeanluc-sala.ch\/?page_id=98#breadcrumb","itemListElement":[{"@type":"ListItem","position":1,"name":"Accueil","item":"https:\/\/jeanluc-sala.ch\/"},{"@type":"ListItem","position":2,"name":"Avis"}]},{"@type":"WebSite","@id":"https:\/\/jeanluc-sala.ch\/#website","url":"https:\/\/jeanluc-sala.ch\/","name":"Jean-Luc Sala | Psychologue - Psychoth\u00e9rapeute","description":"","publisher":{"@id":"https:\/\/jeanluc-sala.ch\/#organization"},"potentialAction":[{"@type":"SearchAction","target":{"@type":"EntryPoint","urlTemplate":"https:\/\/jeanluc-sala.ch\/?s={search_term_string}"},"query-input":{"@type":"PropertyValueSpecification","valueRequired":true,"valueName":"search_term_string"}}],"inLanguage":"en-US"},{"@type":"Organization","@id":"https:\/\/jeanluc-sala.ch\/#organization","name":"Jean-Luc Sala | Psychologue - Psychoth\u00e9rapeute","url":"https:\/\/jeanluc-sala.ch\/","logo":{"@type":"ImageObject","inLanguage":"en-US","@id":"https:\/\/jeanluc-sala.ch\/#\/schema\/logo\/image\/","url":"https:\/\/jeanluc-sala.ch\/wp-content\/uploads\/2024\/09\/jean-luc-sala-logotype-full-color-rgb-900px-w-72ppi.webp","contentUrl":"https:\/\/jeanluc-sala.ch\/wp-content\/uploads\/2024\/09\/jean-luc-sala-logotype-full-color-rgb-900px-w-72ppi.webp","width":900,"height":134,"caption":"Jean-Luc Sala | Psychologue - Psychoth\u00e9rapeute"},"image":{"@id":"https:\/\/jeanluc-sala.ch\/#\/schema\/logo\/image\/"}}]}},"_links":{"self":[{"href":"https:\/\/jeanluc-sala.ch\/index.php?rest_route=\/wp\/v2\/pages\/98","targetHints":{"allow":["GET"]}}],"collection":[{"href":"https:\/\/jeanluc-sala.ch\/index.php?rest_route=\/wp\/v2\/pages"}],"about":[{"href":"https:\/\/jeanluc-sala.ch\/index.php?rest_route=\/wp\/v2\/types\/page"}],"author":[{"embeddable":true,"href":"https:\/\/jeanluc-sala.ch\/index.php?rest_route=\/wp\/v2\/users\/2"}],"replies":[{"embeddable":true,"href":"https:\/\/jeanluc-sala.ch\/index.php?rest_route=%2Fwp%2Fv2%2Fcomments&post=98"}],"version-history":[{"count":28,"href":"https:\/\/jeanluc-sala.ch\/index.php?rest_route=\/wp\/v2\/pages\/98\/revisions"}],"predecessor-version":[{"id":343,"href":"https:\/\/jeanluc-sala.ch\/index.php?rest_route=\/wp\/v2\/pages\/98\/revisions\/343"}],"wp:attachment":[{"href":"https:\/\/jeanluc-sala.ch\/index.php?rest_route=%2Fwp%2Fv2%2Fmedia&parent=98"}],"curies":[{"name":"wp","href":"https:\/\/api.w.org\/{rel}","templated":true}]}}